{"id":54,"date":"2020-08-21T11:21:31","date_gmt":"2020-08-21T11:21:31","guid":{"rendered":"https:\/\/www.virtuscomunicacion.com\/?page_id=54"},"modified":"2021-02-08T10:51:13","modified_gmt":"2021-02-08T10:51:13","slug":"aviso-legal","status":"publish","type":"page","link":"https:\/\/www.virtuscomunicacion.com\/en\/aviso-legal","title":{"rendered":"Aviso Legal"},"content":{"rendered":"<section class=\"l-section wpb_row height_medium\"><div class=\"l-section-h i-cf\"><div class=\"g-cols vc_row via_flex valign_top type_default stacking_default\"><div class=\"vc_col-sm-12 wpb_column vc_column_container\"><div class=\"vc_column-inner\"><div class=\"wpb_wrapper\"><div class=\"wpb_text_column\"><div class=\"wpb_wrapper\"><p>Esta web est\u00e1 a cargo de Mar\u00eda de las Mercedes Penacho G\u00f3mez (Virtus Comunicaci\u00f3n), con CIF:25170886P y domicilio social en Zaragoza (Espa\u00f1a). La direcci\u00f3n de correo electr\u00f3nico de contacto es: info@virtuscomunicacion.com<\/p>\n<p>Generalmente, las personas que hagan uso de esta p\u00e1gina web lo hacen sin necesidad de facilitar ning\u00fan dato de car\u00e1cter personal. No obstante, para contactar con Virtus Comunicaci\u00f3n o para solicitar informaci\u00f3n de inter\u00e9s, los usuarios deber\u00e1n facilitar en ciertos casos datos de car\u00e1cter personal. Virtus Comunicaci\u00f3n garantiza la confidencialidad de los datos de car\u00e1cter personal facilitados seg\u00fan lo establecido en la normativa sobre Protecci\u00f3n de Datos de Car\u00e1cter Personal, y sobre Servicios de la Sociedad de la Informaci\u00f3n y de Comercio Electr\u00f3nico.<\/p>\n<p>Virtus Comunicaci\u00f3n cumple la legislaci\u00f3n vigente en materia de protecci\u00f3n de datos, habiendo adoptado los procedimientos organizativos, legales y t\u00e9cnicos necesarios para garantizar la seguridad de los datos personales que recopila.<\/p>\n<p>Virtus Comunicaci\u00f3n se reserva el derecho a realizar las modificaciones que considere oportunas, sin aviso previo, en el contenido de su sitio web. Tanto en lo referente a los contenidos del sitio web, como en las condiciones de uso del mismo, o en las condiciones generales de contrataci\u00f3n.<\/p>\n<p>La navegaci\u00f3n, acceso y uso por el sitio web https:\/\/www.virtuscomunicacion.com\/ confiere la condici\u00f3n de usuario, por la que se aceptan, desde la navegaci\u00f3n por el sitio, de todas las condiciones de uso aqu\u00ed establecidas sin perjuicio de la aplicaci\u00f3n de la correspondiente normativa de obligado cumplimiento legal seg\u00fan el caso.<\/p>\n<p>Virtus Comunicaci\u00f3n no se hace responsable del contenido de los sitios web a los que el usuario pueda acceder a trav\u00e9s de los enlaces establecidos en su sitio web y declara que en ning\u00fan caso proceder\u00e1 a examinar o ejercitar ning\u00fan tipo de control sobre el contenido de otros sitios de la red. Tampoco garantizar\u00e1 la disponibilidad t\u00e9cnica, exactitud, veracidad, validez o legalidad de sitios ajenos a su propiedad a los que se pueda acceder por medio de los enlaces.<\/p>\n<p>La pol\u00edtica de privacidad de Virtus Comunicaci\u00f3n garantiza al usuario la posibilidad de ejercitar su derecho de acceso, rectificaci\u00f3n, cancelaci\u00f3n y oposici\u00f3n de sus datos, notific\u00e1ndolo enviando un e-mail a la direcci\u00f3n de correo electr\u00f3nico: info@virtuscomunicacion.com<\/p>\n<\/div><\/div><\/div><\/div><\/div><\/div><\/div><\/section>","protected":false},"excerpt":{"rendered":"Esta web est\u00e1 a cargo de Mar\u00eda de las Mercedes Penacho G\u00f3mez (Virtus Comunicaci\u00f3n), con CIF:25170886P y domicilio social en Zaragoza (Espa\u00f1a). La direcci\u00f3n de correo electr\u00f3nico de contacto es: info@virtuscomunicacion.com Generalmente, las personas que hagan uso de esta p\u00e1gina web lo hacen sin necesidad de facilitar ning\u00fan dato de car\u00e1cter personal. No obstante, para...","protected":false},"author":1,"featured_media":0,"parent":0,"menu_order":0,"comment_status":"closed","ping_status":"closed","template":"","meta":{"footnotes":""},"class_list":["post-54","page","type-page","status-publish","hentry"],"_links":{"self":[{"href":"https:\/\/www.virtuscomunicacion.com\/en\/wp-json\/wp\/v2\/pages\/54","targetHints":{"allow":["GET"]}}],"collection":[{"href":"https:\/\/www.virtuscomunicacion.com\/en\/wp-json\/wp\/v2\/pages"}],"about":[{"href":"https:\/\/www.virtuscomunicacion.com\/en\/wp-json\/wp\/v2\/types\/page"}],"author":[{"embeddable":true,"href":"https:\/\/www.virtuscomunicacion.com\/en\/wp-json\/wp\/v2\/users\/1"}],"replies":[{"embeddable":true,"href":"https:\/\/www.virtuscomunicacion.com\/en\/wp-json\/wp\/v2\/comments?post=54"}],"version-history":[{"count":4,"href":"https:\/\/www.virtuscomunicacion.com\/en\/wp-json\/wp\/v2\/pages\/54\/revisions"}],"predecessor-version":[{"id":430,"href":"https:\/\/www.virtuscomunicacion.com\/en\/wp-json\/wp\/v2\/pages\/54\/revisions\/430"}],"wp:attachment":[{"href":"https:\/\/www.virtuscomunicacion.com\/en\/wp-json\/wp\/v2\/media?parent=54"}],"curies":[{"name":"wp","href":"https:\/\/api.w.org\/{rel}","templated":true}]}}