{"id":40,"date":"2020-08-21T11:09:50","date_gmt":"2020-08-21T11:09:50","guid":{"rendered":"https:\/\/www.virtuscomunicacion.com\/?page_id=40"},"modified":"2021-04-21T15:23:29","modified_gmt":"2021-04-21T15:23:29","slug":"areas-comunicacion-de-empresa-zaragoza","status":"publish","type":"page","link":"https:\/\/www.virtuscomunicacion.com\/en\/areas-comunicacion-de-empresa-zaragoza","title":{"rendered":"\u00c1reas: Comunicaci\u00f3n de empresa Zaragoza"},"content":{"rendered":"<section class=\"l-section wpb_row height_small\"><div class=\"l-section-h i-cf\"><div class=\"g-cols vc_row via_flex valign_top type_default stacking_default\"><div class=\"vc_col-sm-6 wpb_column vc_column_container\"><div class=\"vc_column-inner\"><div class=\"wpb_wrapper\"><div class=\"wpb_text_column\"><div class=\"wpb_wrapper\"><h5 style=\"text-align: center;\">Salud y proyectos de investigaci\u00f3n<\/h5>\n<\/div><\/div><div class=\"w-separator size_small\"><\/div><div class=\"w-image align_center us_animate_afc\"><div class=\"w-image-h\"><img decoding=\"async\" width=\"650\" height=\"400\" src=\"https:\/\/www.virtuscomunicacion.com\/wp-content\/uploads\/2020\/11\/salud.jpg\" class=\"attachment-large size-large\" alt=\"Salud\" loading=\"lazy\" srcset=\"https:\/\/www.virtuscomunicacion.com\/wp-content\/uploads\/2020\/11\/salud.jpg 650w, https:\/\/www.virtuscomunicacion.com\/wp-content\/uploads\/2020\/11\/salud-300x185.jpg 300w, https:\/\/www.virtuscomunicacion.com\/wp-content\/uploads\/2020\/11\/salud-16x10.jpg 16w\" sizes=\"auto, (max-width: 650px) 100vw, 650px\" title=\"\"><\/div><\/div><\/div><\/div><\/div><div class=\"vc_col-sm-6 wpb_column vc_column_container\"><div class=\"vc_column-inner\"><div class=\"wpb_wrapper\"><div class=\"wpb_text_column\"><div class=\"wpb_wrapper\"><h5 style=\"text-align: center;\">Agroalimentaci\u00f3n, turismo, territorio<\/h5>\n<\/div><\/div><div class=\"w-separator size_small\"><\/div><div class=\"w-image align_center us_animate_afc\"><div class=\"w-image-h\"><img decoding=\"async\" width=\"650\" height=\"400\" src=\"https:\/\/www.virtuscomunicacion.com\/wp-content\/uploads\/2020\/11\/turismo.jpg\" class=\"attachment-large size-large\" alt=\"Turismo\" loading=\"lazy\" srcset=\"https:\/\/www.virtuscomunicacion.com\/wp-content\/uploads\/2020\/11\/turismo.jpg 650w, https:\/\/www.virtuscomunicacion.com\/wp-content\/uploads\/2020\/11\/turismo-300x185.jpg 300w, https:\/\/www.virtuscomunicacion.com\/wp-content\/uploads\/2020\/11\/turismo-16x10.jpg 16w\" sizes=\"auto, (max-width: 650px) 100vw, 650px\" title=\"\"><\/div><\/div><\/div><\/div><\/div><\/div><\/div><\/section><section class=\"l-section wpb_row height_small\"><div class=\"l-section-h i-cf\"><div class=\"g-cols vc_row via_flex valign_top type_default stacking_default\"><div class=\"vc_col-sm-6 wpb_column vc_column_container\"><div class=\"vc_column-inner\"><div class=\"wpb_wrapper\"><div class=\"wpb_text_column\"><div class=\"wpb_wrapper\"><h5 style=\"text-align: center;\">Science and divulgation<\/h5>\n<\/div><\/div><div class=\"w-separator size_small\"><\/div><div class=\"w-image align_center us_animate_afc\"><div class=\"w-image-h\"><img decoding=\"async\" width=\"650\" height=\"400\" src=\"https:\/\/www.virtuscomunicacion.com\/wp-content\/uploads\/2020\/11\/ciencia.jpg\" class=\"attachment-large size-large\" alt=\"Ciencia\" loading=\"lazy\" srcset=\"https:\/\/www.virtuscomunicacion.com\/wp-content\/uploads\/2020\/11\/ciencia.jpg 650w, https:\/\/www.virtuscomunicacion.com\/wp-content\/uploads\/2020\/11\/ciencia-300x185.jpg 300w, https:\/\/www.virtuscomunicacion.com\/wp-content\/uploads\/2020\/11\/ciencia-16x10.jpg 16w\" sizes=\"auto, (max-width: 650px) 100vw, 650px\" title=\"\"><\/div><\/div><\/div><\/div><\/div><div class=\"vc_col-sm-6 wpb_column vc_column_container\"><div class=\"vc_column-inner\"><div class=\"wpb_wrapper\"><div class=\"wpb_text_column\"><div class=\"wpb_wrapper\"><h5 style=\"text-align: center;\">Cultural heritage and education<\/h5>\n<\/div><\/div><div class=\"w-separator size_small\"><\/div><div class=\"w-image align_center us_animate_afc\"><div class=\"w-image-h\"><img decoding=\"async\" width=\"650\" height=\"400\" src=\"https:\/\/www.virtuscomunicacion.com\/wp-content\/uploads\/2020\/11\/patrimonio.jpg\" class=\"attachment-large size-large\" alt=\"Cultura\" loading=\"lazy\" srcset=\"https:\/\/www.virtuscomunicacion.com\/wp-content\/uploads\/2020\/11\/patrimonio.jpg 650w, https:\/\/www.virtuscomunicacion.com\/wp-content\/uploads\/2020\/11\/patrimonio-300x185.jpg 300w, https:\/\/www.virtuscomunicacion.com\/wp-content\/uploads\/2020\/11\/patrimonio-16x10.jpg 16w\" sizes=\"auto, (max-width: 650px) 100vw, 650px\" title=\"\"><\/div><\/div><\/div><\/div><\/div><\/div><\/div><\/section><section class=\"l-section wpb_row height_small with_img\"><div class=\"l-section-img\" role=\"img\" aria-label=\"\u00c1rea Industrial, salud, tecnolog\u00eda, log\u00edstica\" data-img-width=\"1800\" data-img-height=\"600\" style=\"background-image: url(https:\/\/www.virtuscomunicacion.com\/wp-content\/uploads\/2020\/08\/area-industrial.jpg);\"><\/div><div class=\"l-section-overlay\" style=\"background:linear-gradient(180deg,#ffffff,rgba(255,255,255,0.00))\"><\/div><div class=\"l-section-h i-cf\"><div class=\"g-cols vc_row via_flex valign_top type_default stacking_default\"><div class=\"vc_col-sm-6 wpb_column vc_column_container\"><div class=\"vc_column-inner\"><div class=\"wpb_wrapper\"><div class=\"wpb_text_column\"><div class=\"wpb_wrapper\"><h5 style=\"text-align: center;\">International projects<\/h5>\n<\/div><\/div><div class=\"w-separator size_small\"><\/div><div class=\"w-image align_center us_animate_afc\"><div class=\"w-image-h\"><img decoding=\"async\" width=\"650\" height=\"400\" src=\"https:\/\/www.virtuscomunicacion.com\/wp-content\/uploads\/2020\/11\/internacional.jpg\" class=\"attachment-large size-large\" alt=\"Internacional\" loading=\"lazy\" srcset=\"https:\/\/www.virtuscomunicacion.com\/wp-content\/uploads\/2020\/11\/internacional.jpg 650w, https:\/\/www.virtuscomunicacion.com\/wp-content\/uploads\/2020\/11\/internacional-300x185.jpg 300w, https:\/\/www.virtuscomunicacion.com\/wp-content\/uploads\/2020\/11\/internacional-16x10.jpg 16w\" sizes=\"auto, (max-width: 650px) 100vw, 650px\" title=\"\"><\/div><\/div><\/div><\/div><\/div><div class=\"vc_col-sm-6 wpb_column vc_column_container\"><div class=\"vc_column-inner\"><div class=\"wpb_wrapper\"><div class=\"wpb_text_column\"><div class=\"wpb_wrapper\"><h5 style=\"text-align: center;\">Industrial y log\u00edstica<\/h5>\n<\/div><\/div><div class=\"w-separator size_small\"><\/div><div class=\"w-image align_center us_animate_afc\"><div class=\"w-image-h\"><img decoding=\"async\" width=\"650\" height=\"400\" src=\"https:\/\/www.virtuscomunicacion.com\/wp-content\/uploads\/2020\/11\/industrial.jpg\" class=\"attachment-large size-large\" alt=\"Industrial\" loading=\"lazy\" srcset=\"https:\/\/www.virtuscomunicacion.com\/wp-content\/uploads\/2020\/11\/industrial.jpg 650w, https:\/\/www.virtuscomunicacion.com\/wp-content\/uploads\/2020\/11\/industrial-300x185.jpg 300w, https:\/\/www.virtuscomunicacion.com\/wp-content\/uploads\/2020\/11\/industrial-16x10.jpg 16w\" sizes=\"auto, (max-width: 650px) 100vw, 650px\" title=\"\"><\/div><\/div><\/div><\/div><\/div><\/div><\/div><\/section>","protected":false},"excerpt":{"rendered":"Salud y proyectos de investigaci\u00f3n Agroalimentaci\u00f3n, turismo, territorio Ciencia y divulgaci\u00f3n Cultura y patrimonio Proyectos internacionales Industrial y log\u00edstica","protected":false},"author":1,"featured_media":0,"parent":0,"menu_order":0,"comment_status":"closed","ping_status":"closed","template":"","meta":{"footnotes":""},"class_list":["post-40","page","type-page","status-publish","hentry"],"_links":{"self":[{"href":"https:\/\/www.virtuscomunicacion.com\/en\/wp-json\/wp\/v2\/pages\/40","targetHints":{"allow":["GET"]}}],"collection":[{"href":"https:\/\/www.virtuscomunicacion.com\/en\/wp-json\/wp\/v2\/pages"}],"about":[{"href":"https:\/\/www.virtuscomunicacion.com\/en\/wp-json\/wp\/v2\/types\/page"}],"author":[{"embeddable":true,"href":"https:\/\/www.virtuscomunicacion.com\/en\/wp-json\/wp\/v2\/users\/1"}],"replies":[{"embeddable":true,"href":"https:\/\/www.virtuscomunicacion.com\/en\/wp-json\/wp\/v2\/comments?post=40"}],"version-history":[{"count":45,"href":"https:\/\/www.virtuscomunicacion.com\/en\/wp-json\/wp\/v2\/pages\/40\/revisions"}],"predecessor-version":[{"id":543,"href":"https:\/\/www.virtuscomunicacion.com\/en\/wp-json\/wp\/v2\/pages\/40\/revisions\/543"}],"wp:attachment":[{"href":"https:\/\/www.virtuscomunicacion.com\/en\/wp-json\/wp\/v2\/media?parent=40"}],"curies":[{"name":"wp","href":"https:\/\/api.w.org\/{rel}","templated":true}]}}