{"id":38,"date":"2020-08-21T11:09:36","date_gmt":"2020-08-21T11:09:36","guid":{"rendered":"https:\/\/www.virtuscomunicacion.com\/?page_id=38"},"modified":"2024-01-23T10:04:26","modified_gmt":"2024-01-23T10:04:26","slug":"que-hacemos","status":"publish","type":"page","link":"https:\/\/www.virtuscomunicacion.com\/en\/que-hacemos","title":{"rendered":"What We Do"},"content":{"rendered":"<section class=\"l-section wpb_row height_small\"><div class=\"l-section-h i-cf\"><div class=\"g-cols vc_row via_flex valign_top type_default stacking_default\"><div class=\"vc_col-sm-6 wpb_column vc_column_container has_bg_color\"><div class=\"vc_column-inner us_custom_69ebdf43\"><div class=\"wpb_wrapper\"><div class=\"wpb_text_column\"><div class=\"wpb_wrapper\"><h4>Business and institutional communication<\/h4>\n<\/div><\/div><div class=\"wpb_text_column\"><div class=\"wpb_wrapper\"><p>Business Communication<\/p>\n<p>Institutional Communication<\/p>\n<p>Strategy and corporate positioning<\/p>\n<p>External and internal communication and corporate culture<\/p>\n<p>Stakeholders and Institutional Relationships<\/p>\n<p>Sustainable Developments Goals (SDG)<\/p>\n<p>Communication Training<\/p>\n<p>Formaci\u00f3n de portavoces<\/p>\n<\/div><\/div><\/div><\/div><\/div><div class=\"vc_col-sm-6 wpb_column vc_column_container\"><div class=\"vc_column-inner\"><div class=\"wpb_wrapper\"><div class=\"w-separator size_medium\"><\/div><div class=\"w-image align_center us_animate_afb\"><div class=\"w-image-h\"><img decoding=\"async\" width=\"480\" height=\"320\" src=\"https:\/\/www.virtuscomunicacion.com\/wp-content\/uploads\/2020\/08\/bloques-empresa.jpg\" class=\"attachment-full size-full\" alt=\"Comunicaci\u00f3n Empresa e Institucional\" loading=\"lazy\" srcset=\"https:\/\/www.virtuscomunicacion.com\/wp-content\/uploads\/2020\/08\/bloques-empresa.jpg 480w, https:\/\/www.virtuscomunicacion.com\/wp-content\/uploads\/2020\/08\/bloques-empresa-300x200.jpg 300w\" sizes=\"auto, (max-width: 480px) 100vw, 480px\" title=\"\"><\/div><\/div><\/div><\/div><\/div><\/div><\/div><\/section><section class=\"l-section wpb_row height_medium\"><div class=\"l-section-h i-cf\"><div class=\"g-cols vc_row via_flex valign_top type_default reversed stacking_default\"><div class=\"vc_col-sm-6 wpb_column vc_column_container\"><div class=\"vc_column-inner\"><div class=\"wpb_wrapper\"><div class=\"w-separator size_medium\"><\/div><div class=\"w-image align_center us_animate_afb\"><div class=\"w-image-h\"><img decoding=\"async\" width=\"480\" height=\"320\" src=\"https:\/\/www.virtuscomunicacion.com\/wp-content\/uploads\/2020\/08\/bloques-contenidos.jpg\" class=\"attachment-full size-full\" alt=\"Marketing de Contenidos\" loading=\"lazy\" srcset=\"https:\/\/www.virtuscomunicacion.com\/wp-content\/uploads\/2020\/08\/bloques-contenidos.jpg 480w, https:\/\/www.virtuscomunicacion.com\/wp-content\/uploads\/2020\/08\/bloques-contenidos-300x200.jpg 300w\" sizes=\"auto, (max-width: 480px) 100vw, 480px\" title=\"\"><\/div><\/div><\/div><\/div><\/div><div class=\"vc_col-sm-6 wpb_column vc_column_container has_bg_color\"><div class=\"vc_column-inner us_custom_69ebdf43\"><div class=\"wpb_wrapper\"><div class=\"wpb_text_column\"><div class=\"wpb_wrapper\"><h4>Sostenibilidad, Reputaci\u00f3n y Asuntos P\u00fablicos<\/h4>\n<\/div><\/div><div class=\"wpb_text_column\"><div class=\"wpb_wrapper\"><p>Asuntos P\u00fablicos<\/p>\n<p>Reputaci\u00f3n y Responsabilidad Social<\/p>\n<p>Memorias de sostenibilidad<\/p>\n<p>ESG<\/p>\n<p>Planificaci\u00f3n Estrat\u00e9gica de la Sostenibilidad<\/p>\n<p>Prevenci\u00f3n y gesti\u00f3n de crisis, riesgos reputacionales<\/p>\n<p>Comunicaci\u00f3n y gesti\u00f3n de ODS<\/p>\n<\/div><\/div><\/div><\/div><\/div><\/div><\/div><\/section><section class=\"l-section wpb_row height_small\"><div class=\"l-section-h i-cf\"><div class=\"g-cols vc_row via_flex valign_top type_default stacking_default\"><div class=\"vc_col-sm-6 wpb_column vc_column_container has_bg_color\"><div class=\"vc_column-inner us_custom_69ebdf43\"><div class=\"wpb_wrapper\"><div class=\"wpb_text_column\"><div class=\"wpb_wrapper\"><h4>Proyectos Europeos<\/h4>\n<\/div><\/div><div class=\"wpb_text_column\"><div class=\"wpb_wrapper\"><p>Visibility and publicity in an international context<\/p>\n<p>Planning of technical and institutional schedules<\/p>\n<p>Coordination of partners, consortiums\u00a0and international networks<\/p>\n<p>Segmented communication to groups of interest<\/p>\n<p>Marketing and Public Relations<\/p>\n<\/div><\/div><\/div><\/div><\/div><div class=\"vc_col-sm-6 wpb_column vc_column_container\"><div class=\"vc_column-inner\"><div class=\"wpb_wrapper\"><div class=\"w-separator size_medium\"><\/div><div class=\"w-image align_center us_animate_afb\"><div class=\"w-image-h\"><img decoding=\"async\" width=\"480\" height=\"320\" src=\"https:\/\/www.virtuscomunicacion.com\/wp-content\/uploads\/2020\/08\/bloques-europeos.jpg\" class=\"attachment-full size-full\" alt=\"Comunicaci\u00f3n Proyectos Europeos\" loading=\"lazy\" srcset=\"https:\/\/www.virtuscomunicacion.com\/wp-content\/uploads\/2020\/08\/bloques-europeos.jpg 480w, https:\/\/www.virtuscomunicacion.com\/wp-content\/uploads\/2020\/08\/bloques-europeos-300x200.jpg 300w\" sizes=\"auto, (max-width: 480px) 100vw, 480px\" title=\"\"><\/div><\/div><\/div><\/div><\/div><\/div><\/div><\/section><section class=\"l-section wpb_row height_medium\"><div class=\"l-section-h i-cf\"><div class=\"g-cols vc_row via_flex valign_top type_default reversed stacking_default\"><div class=\"vc_col-sm-6 wpb_column vc_column_container\"><div class=\"vc_column-inner\"><div class=\"wpb_wrapper\"><div class=\"w-separator size_medium\"><\/div><div class=\"w-image align_center us_animate_afb\"><div class=\"w-image-h\"><img decoding=\"async\" width=\"480\" height=\"320\" src=\"https:\/\/www.virtuscomunicacion.com\/wp-content\/uploads\/2020\/08\/bloques-pprr.jpg\" class=\"attachment-full size-full\" alt=\"Marketing y PPRR\" loading=\"lazy\" srcset=\"https:\/\/www.virtuscomunicacion.com\/wp-content\/uploads\/2020\/08\/bloques-pprr.jpg 480w, https:\/\/www.virtuscomunicacion.com\/wp-content\/uploads\/2020\/08\/bloques-pprr-300x200.jpg 300w\" sizes=\"auto, (max-width: 480px) 100vw, 480px\" title=\"\"><\/div><\/div><\/div><\/div><\/div><div class=\"vc_col-sm-6 wpb_column vc_column_container has_bg_color\"><div class=\"vc_column-inner us_custom_69ebdf43\"><div class=\"wpb_wrapper\"><div class=\"wpb_text_column\"><div class=\"wpb_wrapper\"><h4>Marketing and Public Relations<\/h4>\n<\/div><\/div><div class=\"wpb_text_column\"><div class=\"wpb_wrapper\"><p>Branding<\/p>\n<p>Product Launch<\/p>\n<p>Actions with prescribers<\/p>\n<p>Trade Shows and corporate events<\/p>\n<p>Advertising planning<\/p>\n<p>Omni-channelling<\/p>\n<\/div><\/div><\/div><\/div><\/div><\/div><\/div><\/section><section class=\"l-section wpb_row height_small\"><div class=\"l-section-h i-cf\"><div class=\"g-cols vc_row via_flex valign_top type_default stacking_default\"><div class=\"vc_col-sm-6 wpb_column vc_column_container has_bg_color\"><div class=\"vc_column-inner us_custom_69ebdf43\"><div class=\"wpb_wrapper\"><div class=\"wpb_text_column\"><div class=\"wpb_wrapper\"><h4>Digital Marketing<\/h4>\n<\/div><\/div><div class=\"wpb_text_column\"><div class=\"wpb_wrapper\"><p>Community Management<\/p>\n<p>Newsletters<\/p>\n<p>Advertising campaigns<\/p>\n<p>Digital Marketing<\/p>\n<p>Web<\/p>\n<\/div><\/div><\/div><\/div><\/div><div class=\"vc_col-sm-6 wpb_column vc_column_container\"><div class=\"vc_column-inner\"><div class=\"wpb_wrapper\"><div class=\"w-separator size_medium\"><\/div><div class=\"w-image align_center us_animate_afb\"><div class=\"w-image-h\"><img decoding=\"async\" width=\"480\" height=\"320\" src=\"https:\/\/www.virtuscomunicacion.com\/wp-content\/uploads\/2020\/08\/bloques-servicios-comunicacion-digital.jpg\" class=\"attachment-full size-full\" alt=\"bloques servicios comunicaci\u00f3n digital\" loading=\"lazy\" srcset=\"https:\/\/www.virtuscomunicacion.com\/wp-content\/uploads\/2020\/08\/bloques-servicios-comunicacion-digital.jpg 480w, https:\/\/www.virtuscomunicacion.com\/wp-content\/uploads\/2020\/08\/bloques-servicios-comunicacion-digital-300x200.jpg 300w\" sizes=\"auto, (max-width: 480px) 100vw, 480px\" title=\"\"><\/div><\/div><\/div><\/div><\/div><\/div><\/div><\/section>","protected":false},"excerpt":{"rendered":"Comunicaci\u00f3n de empresa e instituciones Comunicaci\u00f3n de empresa Comunicaci\u00f3n institucional Estrategia y posicionamiento corporativo Comunicaci\u00f3n externa e interna y cultura corporativa Stakeholders y Relaciones institucionales Seguimientos y medici\u00f3n de KPIs Formaci\u00f3n en comunicaci\u00f3n Formaci\u00f3n de portavoces Sostenibilidad, Reputaci\u00f3n y Asuntos P\u00fablicos Asuntos P\u00fablicos Reputaci\u00f3n y Responsabilidad Social Memorias de sostenibilidad ESG Planificaci\u00f3n Estrat\u00e9gica de la...","protected":false},"author":1,"featured_media":0,"parent":0,"menu_order":0,"comment_status":"closed","ping_status":"closed","template":"","meta":{"footnotes":""},"class_list":["post-38","page","type-page","status-publish","hentry"],"_links":{"self":[{"href":"https:\/\/www.virtuscomunicacion.com\/en\/wp-json\/wp\/v2\/pages\/38","targetHints":{"allow":["GET"]}}],"collection":[{"href":"https:\/\/www.virtuscomunicacion.com\/en\/wp-json\/wp\/v2\/pages"}],"about":[{"href":"https:\/\/www.virtuscomunicacion.com\/en\/wp-json\/wp\/v2\/types\/page"}],"author":[{"embeddable":true,"href":"https:\/\/www.virtuscomunicacion.com\/en\/wp-json\/wp\/v2\/users\/1"}],"replies":[{"embeddable":true,"href":"https:\/\/www.virtuscomunicacion.com\/en\/wp-json\/wp\/v2\/comments?post=38"}],"version-history":[{"count":38,"href":"https:\/\/www.virtuscomunicacion.com\/en\/wp-json\/wp\/v2\/pages\/38\/revisions"}],"predecessor-version":[{"id":311,"href":"https:\/\/www.virtuscomunicacion.com\/en\/wp-json\/wp\/v2\/pages\/38\/revisions\/311"}],"wp:attachment":[{"href":"https:\/\/www.virtuscomunicacion.com\/en\/wp-json\/wp\/v2\/media?parent=38"}],"curies":[{"name":"wp","href":"https:\/\/api.w.org\/{rel}","templated":true}]}}